{"id":3,"date":"2025-09-08T18:20:09","date_gmt":"2025-09-08T18:20:09","guid":{"rendered":"https:\/\/mltportugal.com\/?page_id=3"},"modified":"2026-01-05T09:02:52","modified_gmt":"2026-01-05T09:02:52","slug":"privacy-policy-2","status":"publish","type":"page","link":"https:\/\/mltportugal.com\/en\/privacy-policy-2\/","title":{"rendered":"Privacy Policy - MLT Legal Partners"},"content":{"rendered":"<p data-start=\"524\" data-end=\"554\">Last updated: <strong data-start=\"544\" data-end=\"554\">23\/12\/2025<\/strong><\/p>\n<p data-start=\"556\" data-end=\"883\">A <strong data-start=\"558\" data-end=\"580\">MLT Legal Partners<\/strong> (\u201c<strong data-start=\"583\" data-end=\"590\">us<\/strong>\u201d, \u201c<strong data-start=\"594\" data-end=\"603\">our<\/strong>\u201d or \u201c<strong data-start=\"609\" data-end=\"620\">company<\/strong>\u201d) respects the privacy of website users <strong data-start=\"674\" data-end=\"696\">[https:\/\/mltportugal.com\/]<\/strong> and undertakes to protect your personal data in accordance with the <strong data-start=\"770\" data-end=\"852\">Regulation (EU) 2016\/679 (General Data Protection Regulation - GDPR)<\/strong> and other applicable legislation.<\/p>\n<p data-start=\"885\" data-end=\"1060\">This Privacy Policy explains how we collect, use, store and protect your personal data when you use our website or contact us.<\/p>\n<p data-start=\"1062\" data-end=\"1180\">If you have any questions regarding this Policy, please contact us by e-mail: <a href=\"mailto:helpdesk@mltportugal.com\"><span class=\"elementor-icon-list-text\">helpdesk@mltportugal.com<\/span><\/a>.<\/p>\n<hr data-start=\"1182\" data-end=\"1185\" \/>\n<h2 data-start=\"1187\" data-end=\"1200\"><strong data-start=\"1190\" data-end=\"1200\">Contents<\/strong><\/h2>\n<ol data-start=\"1201\" data-end=\"1697\">\n<li data-start=\"1201\" data-end=\"1216\">\n<p data-start=\"1204\" data-end=\"1216\">Introduction<\/p>\n<\/li>\n<li data-start=\"1217\" data-end=\"1245\">\n<p data-start=\"1220\" data-end=\"1245\">Contact information<\/p>\n<\/li>\n<li data-start=\"1246\" data-end=\"1285\">\n<p data-start=\"1249\" data-end=\"1285\">Types of personal data collected<\/p>\n<\/li>\n<li data-start=\"1286\" data-end=\"1336\">\n<p data-start=\"1289\" data-end=\"1336\">How and where personal data is processed<\/p>\n<\/li>\n<li data-start=\"1337\" data-end=\"1402\">\n<p data-start=\"1340\" data-end=\"1402\">Detailed information on the processing of personal data<\/p>\n<\/li>\n<li data-start=\"1403\" data-end=\"1439\">\n<p data-start=\"1406\" data-end=\"1439\">Legal basis for treatment<\/p>\n<\/li>\n<li data-start=\"1440\" data-end=\"1466\">\n<p data-start=\"1443\" data-end=\"1466\">Data retention<\/p>\n<\/li>\n<li data-start=\"1467\" data-end=\"1511\">\n<p data-start=\"1470\" data-end=\"1511\">Data subjects' rights (GDPR)<\/p>\n<\/li>\n<li data-start=\"1512\" data-end=\"1564\">\n<p data-start=\"1515\" data-end=\"1564\">Additional information for Swiss residents<\/p>\n<\/li>\n<li data-start=\"1565\" data-end=\"1619\">\n<p data-start=\"1569\" data-end=\"1619\">Additional information for residents in Brazil<\/p>\n<\/li>\n<li data-start=\"1620\" data-end=\"1659\">\n<p data-start=\"1624\" data-end=\"1659\">Other international provisions<\/p>\n<\/li>\n<li data-start=\"1660\" data-end=\"1697\">\n<p data-start=\"1664\" data-end=\"1697\">Definitions and legal references<\/p>\n<\/li>\n<\/ol>\n<hr data-start=\"1699\" data-end=\"1702\" \/>\n<h2 data-start=\"1704\" data-end=\"1724\"><strong data-start=\"1707\" data-end=\"1724\">1. introduction<\/strong><\/h2>\n<h3 data-start=\"1726\" data-end=\"1749\">About this Policy<\/h3>\n<p data-start=\"1750\" data-end=\"1931\">This document describes how <strong data-start=\"1795\" data-end=\"1817\">MLT Legal Partners<\/strong> collects, uses and protects users' personal data exclusively for the purposes described herein.<\/p>\n<h3 data-start=\"1933\" data-end=\"1961\">What is personal data?<\/h3>\n<p data-start=\"1962\" data-end=\"2125\">\u201cPersonal data\u201d means any information relating to an identified or identifiable natural person, directly or indirectly, including, but not limited to:<\/p>\n<ul data-start=\"2126\" data-end=\"2267\">\n<li data-start=\"2126\" data-end=\"2144\">\n<p data-start=\"2128\" data-end=\"2144\">Name and surname<\/p>\n<\/li>\n<li data-start=\"2145\" data-end=\"2167\">\n<p data-start=\"2147\" data-end=\"2167\">E-mail address<\/p>\n<\/li>\n<li data-start=\"2168\" data-end=\"2183\">\n<p data-start=\"2170\" data-end=\"2183\">IP address<\/p>\n<\/li>\n<li data-start=\"2184\" data-end=\"2218\">\n<p data-start=\"2186\" data-end=\"2218\">Website usage data<\/p>\n<\/li>\n<li data-start=\"2219\" data-end=\"2267\">\n<p data-start=\"2221\" data-end=\"2267\">Cookies and other tracking technologies<\/p>\n<\/li>\n<\/ul>\n<p data-start=\"2269\" data-end=\"2379\">More detailed information on each category of data can be found in the relevant sections of this document.<\/p>\n<hr data-start=\"2381\" data-end=\"2384\" \/>\n<h2 data-start=\"2386\" data-end=\"2419\"><strong data-start=\"2389\" data-end=\"2419\">2. Contact information<\/strong><\/h2>\n<p data-start=\"2421\" data-end=\"2488\"><strong data-start=\"2421\" data-end=\"2463\">Data controller:<\/strong><br data-start=\"2463\" data-end=\"2466\" \/><strong data-start=\"2466\" data-end=\"2488\">MLT Legal Partners<\/strong><\/p>\n<p data-start=\"2490\" data-end=\"2566\"><strong data-start=\"2490\" data-end=\"2503\">Address:<\/strong><\/p>\n<p class=\"elementor-image-box-description\">Av. da Rep\u00fablica 48 3 Esq, 1050-195 Lisboa<\/p>\n<p data-start=\"2568\" data-end=\"2637\"><strong data-start=\"2568\" data-end=\"2579\">E-mail:<\/strong> <a href=\"mailto:helpdesk@mltportugal.com\"><span class=\"elementor-icon-list-text\">helpdesk@mltportugal.com<\/span><\/a><br data-start=\"2600\" data-end=\"2603\" \/><strong data-start=\"2603\" data-end=\"2616\">Phone:<\/strong> <a href=\"tel:210517774\"><span class=\"elementor-icon-list-text\">+351 210 517 774<\/span><\/a><\/p>\n<hr data-start=\"2639\" data-end=\"2642\" \/>\n<h2 data-start=\"2644\" data-end=\"2688\"><strong data-start=\"2647\" data-end=\"2688\">3. Types of personal data collected<\/strong><\/h2>\n<p data-start=\"2690\" data-end=\"2771\">This website may collect, directly or indirectly, the following personal data:<\/p>\n<ul data-start=\"2773\" data-end=\"2895\">\n<li data-start=\"2773\" data-end=\"2781\">\n<p data-start=\"2775\" data-end=\"2781\">Name<\/p>\n<\/li>\n<li data-start=\"2782\" data-end=\"2793\">\n<p data-start=\"2784\" data-end=\"2793\">Surname<\/p>\n<\/li>\n<li data-start=\"2794\" data-end=\"2816\">\n<p data-start=\"2796\" data-end=\"2816\">E-mail address<\/p>\n<\/li>\n<li data-start=\"2817\" data-end=\"2851\">\n<p data-start=\"2819\" data-end=\"2851\">Website usage data<\/p>\n<\/li>\n<li data-start=\"2852\" data-end=\"2895\">\n<p data-start=\"2854\" data-end=\"2895\">Cookies and other online identifiers<\/p>\n<\/li>\n<\/ul>\n<p data-start=\"2897\" data-end=\"3024\">Data can be provided directly by the user (e.g. forms) or collected automatically during browsing.<\/p>\n<p data-start=\"3026\" data-end=\"3213\">Unless otherwise stated, all data requested is necessary for the provision of services. Failure to provide it may prevent the use of certain functionalities.<\/p>\n<p data-start=\"3215\" data-end=\"3322\">It is the user's responsibility to ensure that he or she is entitled to share personal data with third parties.<\/p>\n<hr data-start=\"3324\" data-end=\"3327\" \/>\n<h2 data-start=\"3329\" data-end=\"3384\"><strong data-start=\"3332\" data-end=\"3384\">4. How and where personal data is processed<\/strong><\/h2>\n<h3 data-start=\"3386\" data-end=\"3410\">Treatment method<\/h3>\n<p data-start=\"3411\" data-end=\"3553\">Data is processed using appropriate IT and organizational means, with technical and administrative measures to prevent this:<\/p>\n<ul data-start=\"3554\" data-end=\"3649\">\n<li data-start=\"3554\" data-end=\"3579\">\n<p data-start=\"3556\" data-end=\"3579\">Unauthorized access<\/p>\n<\/li>\n<li data-start=\"3580\" data-end=\"3603\">\n<p data-start=\"3582\" data-end=\"3603\">Undue disclosure<\/p>\n<\/li>\n<li data-start=\"3604\" data-end=\"3649\">\n<p data-start=\"3606\" data-end=\"3649\">Unlawful alteration or destruction of data<\/p>\n<\/li>\n<\/ul>\n<p data-start=\"3651\" data-end=\"3865\">Access to data may be granted to internal employees (administrative, legal, technical) or to external service providers duly contracted as <strong data-start=\"3825\" data-end=\"3844\">subcontractors<\/strong>, under the terms of the GDPR.<\/p>\n<h3 data-start=\"3867\" data-end=\"3890\">Place of treatment<\/h3>\n<p data-start=\"3891\" data-end=\"4123\">The data is processed in Portugal and\/or in other countries where the technological service providers used are located. Whenever there is an international transfer of data, appropriate guarantees are adopted under the terms of the GDPR.<\/p>\n<hr data-start=\"4125\" data-end=\"4128\" \/>\n<h2 data-start=\"4130\" data-end=\"4200\"><strong data-start=\"4133\" data-end=\"4200\">5. Detailed information on the processing of personal data<\/strong><\/h2>\n<h3 data-start=\"4202\" data-end=\"4239\">Statistics and traffic analysis<\/h3>\n<h4 data-start=\"4241\" data-end=\"4275\">Google Analytics (Google LLC)<\/h4>\n<p data-start=\"4276\" data-end=\"4390\">Google Analytics is an analysis service provided by Google LLC that allows you to analyze the use of the website.<\/p>\n<p data-start=\"4392\" data-end=\"4413\"><strong data-start=\"4392\" data-end=\"4411\">Data processed:<\/strong><\/p>\n<ul data-start=\"4414\" data-end=\"4449\">\n<li data-start=\"4414\" data-end=\"4425\">\n<p data-start=\"4416\" data-end=\"4425\">Cookies<\/p>\n<\/li>\n<li data-start=\"4426\" data-end=\"4449\">\n<p data-start=\"4428\" data-end=\"4449\">Usage data<\/p>\n<\/li>\n<\/ul>\n<p data-start=\"4451\" data-end=\"4492\"><strong data-start=\"4451\" data-end=\"4475\">Place of treatment:<\/strong> United States<\/p>\n<p data-start=\"4494\" data-end=\"4564\"><strong data-start=\"4494\" data-end=\"4522\">Privacy Policy:<\/strong><br data-start=\"4522\" data-end=\"4525\" \/><a class=\"decorated-link\" href=\"https:\/\/business.safety.google\/privacy\/\" target=\"_new\" rel=\"noopener\" data-start=\"4525\" data-end=\"4564\">https:\/\/business.safety.google\/privacy\/<\/a><\/p>\n<p data-start=\"4566\" data-end=\"4625\"><strong data-start=\"4566\" data-end=\"4582\">Deactivation:<\/strong><br data-start=\"4582\" data-end=\"4585\" \/><a class=\"decorated-link\" href=\"https:\/\/tools.google.com\/dlpage\/gaoptout\" target=\"_new\" rel=\"noopener\" data-start=\"4585\" data-end=\"4625\">https:\/\/tools.google.com\/dlpage\/gaoptout<\/a><\/p>\n<hr data-start=\"4627\" data-end=\"4630\" \/>\n<h3 data-start=\"4632\" data-end=\"4670\">Viewing external content<\/h3>\n<h4 data-start=\"4672\" data-end=\"4702\">Google Fonts (Google LLC)<\/h4>\n<p data-start=\"4703\" data-end=\"4759\">External font loading service.<\/p>\n<p data-start=\"4761\" data-end=\"4782\"><strong data-start=\"4761\" data-end=\"4780\">Data processed:<\/strong><\/p>\n<ul data-start=\"4783\" data-end=\"4818\">\n<li data-start=\"4783\" data-end=\"4794\">\n<p data-start=\"4785\" data-end=\"4794\">Cookies<\/p>\n<\/li>\n<li data-start=\"4795\" data-end=\"4818\">\n<p data-start=\"4797\" data-end=\"4818\">Usage data<\/p>\n<\/li>\n<\/ul>\n<p data-start=\"4820\" data-end=\"4861\"><strong data-start=\"4820\" data-end=\"4844\">Place of treatment:<\/strong> United States<\/p>\n<hr data-start=\"4863\" data-end=\"4866\" \/>\n<h3 data-start=\"4868\" data-end=\"4895\">Contact forms<\/h3>\n<p data-start=\"4896\" data-end=\"5042\">By submitting a form, the user authorizes the processing of the data provided in order to respond to requests for contact, information or proposals.<\/p>\n<p data-start=\"5044\" data-end=\"5065\"><strong data-start=\"5044\" data-end=\"5063\">Data processed:<\/strong><\/p>\n<ul data-start=\"5066\" data-end=\"5109\">\n<li data-start=\"5066\" data-end=\"5074\">\n<p data-start=\"5068\" data-end=\"5074\">Name<\/p>\n<\/li>\n<li data-start=\"5075\" data-end=\"5086\">\n<p data-start=\"5077\" data-end=\"5086\">Surname<\/p>\n<\/li>\n<li data-start=\"5087\" data-end=\"5109\">\n<p data-start=\"5089\" data-end=\"5109\">E-mail address<\/p>\n<\/li>\n<\/ul>\n<hr data-start=\"5111\" data-end=\"5114\" \/>\n<h2 data-start=\"5116\" data-end=\"5157\"><strong data-start=\"5119\" data-end=\"5157\">6. Legal basis for treatment<\/strong><\/h2>\n<p data-start=\"5159\" data-end=\"5241\">The processing of personal data is based on one or more of the following legal bases:<\/p>\n<ul data-start=\"5242\" data-end=\"5454\">\n<li data-start=\"5242\" data-end=\"5280\">\n<p data-start=\"5244\" data-end=\"5280\">Consent of the data subject<\/p>\n<\/li>\n<li data-start=\"5281\" data-end=\"5336\">\n<p data-start=\"5283\" data-end=\"5336\">Execution of contract or pre-contractual steps<\/p>\n<\/li>\n<li data-start=\"5337\" data-end=\"5371\">\n<p data-start=\"5339\" data-end=\"5371\">Compliance with a legal obligation<\/p>\n<\/li>\n<li data-start=\"5372\" data-end=\"5454\">\n<p data-start=\"5374\" data-end=\"5454\">Legitimate interest of the company, as long as the rights of the owner do not prevail<\/p>\n<\/li>\n<\/ul>\n<hr data-start=\"5456\" data-end=\"5459\" \/>\n<h2 data-start=\"5461\" data-end=\"5492\"><strong data-start=\"5464\" data-end=\"5492\">7. Data retention<\/strong><\/h2>\n<p data-start=\"5494\" data-end=\"5619\">Personal data is kept only for the period necessary for the purposes for which it was collected, namely:<\/p>\n<ul data-start=\"5620\" data-end=\"5726\">\n<li data-start=\"5620\" data-end=\"5653\">\n<p data-start=\"5622\" data-end=\"5653\">Duration of the contractual relationship<\/p>\n<\/li>\n<li data-start=\"5654\" data-end=\"5690\">\n<p data-start=\"5656\" data-end=\"5690\">Compliance with legal obligations<\/p>\n<\/li>\n<li data-start=\"5691\" data-end=\"5726\">\n<p data-start=\"5693\" data-end=\"5726\">Exercising or defending rights<\/p>\n<\/li>\n<\/ul>\n<p data-start=\"5728\" data-end=\"5810\">After the end of the storage period, the data will be deleted or anonymized.<\/p>\n<hr data-start=\"5812\" data-end=\"5815\" \/>\n<h2 data-start=\"5817\" data-end=\"5866\"><strong data-start=\"5820\" data-end=\"5866\">8. Data subjects' rights (GDPR)<\/strong><\/h2>\n<p data-start=\"5868\" data-end=\"5922\">Under the terms of the GDPR, the data subject has the right to:<\/p>\n<ul data-start=\"5923\" data-end=\"6261\">\n<li data-start=\"5923\" data-end=\"5948\">\n<p data-start=\"5925\" data-end=\"5948\">Access to your data<\/p>\n<\/li>\n<li data-start=\"5949\" data-end=\"5999\">\n<p data-start=\"5951\" data-end=\"5999\">Rectification of incorrect or incomplete data<\/p>\n<\/li>\n<li data-start=\"6000\" data-end=\"6052\">\n<p data-start=\"6002\" data-end=\"6052\">Erasure of data (\u201cright to be forgotten\u201d)<\/p>\n<\/li>\n<li data-start=\"6053\" data-end=\"6080\">\n<p data-start=\"6055\" data-end=\"6080\">Limitation of treatment<\/p>\n<\/li>\n<li data-start=\"6081\" data-end=\"6108\">\n<p data-start=\"6083\" data-end=\"6108\">Data portability<\/p>\n<\/li>\n<li data-start=\"6109\" data-end=\"6135\">\n<p data-start=\"6111\" data-end=\"6135\">Opposition to treatment<\/p>\n<\/li>\n<li data-start=\"6136\" data-end=\"6184\">\n<p data-start=\"6138\" data-end=\"6184\">Withdraw consent at any time<\/p>\n<\/li>\n<li data-start=\"6185\" data-end=\"6261\">\n<p data-start=\"6187\" data-end=\"6261\">Filing a complaint with the National Data Protection Commission (CNPD)<\/p>\n<\/li>\n<\/ul>\n<p data-start=\"6263\" data-end=\"6397\">Requests can be sent to the contacts indicated in this Policy and will be answered free of charge and within the legal deadlines.<\/p>\n<hr data-start=\"6399\" data-end=\"6402\" \/>\n<h2 data-start=\"6404\" data-end=\"6461\"><strong data-start=\"6407\" data-end=\"6461\">9. Additional information for Swiss residents<\/strong><\/h2>\n<p data-start=\"6463\" data-end=\"6637\">For residents of Switzerland, the provisions of the <strong data-start=\"6533\" data-end=\"6580\">Swiss Federal Data Protection Act<\/strong>, guaranteeing rights equivalent to those provided for in the GDPR.<\/p>\n<hr data-start=\"6639\" data-end=\"6642\" \/>\n<h2 data-start=\"6644\" data-end=\"6703\"><strong data-start=\"6647\" data-end=\"6703\">10. Additional information for residents in Brazil<\/strong><\/h2>\n<p data-start=\"6705\" data-end=\"6904\">For users located in Brazil, data processing also observes the <strong data-start=\"6789\" data-end=\"6852\">General Data Protection Law (Law No. 13,709\/2018 - LGPD)<\/strong>, guaranteeing all the rights legally provided for.<\/p>\n<hr data-start=\"6906\" data-end=\"6909\" \/>\n<h2 data-start=\"6911\" data-end=\"6960\"><strong data-start=\"6914\" data-end=\"6960\">11. International data transfers<\/strong><\/h2>\n<p data-start=\"6962\" data-end=\"7062\">Whenever necessary, data may be transferred outside the European Union:<\/p>\n<ul data-start=\"7063\" data-end=\"7197\">\n<li data-start=\"7063\" data-end=\"7126\">\n<p data-start=\"7065\" data-end=\"7126\">Standard contractual clauses approved by the European Commission<\/p>\n<\/li>\n<li data-start=\"7127\" data-end=\"7152\">\n<p data-start=\"7129\" data-end=\"7152\">Suitability decisions<\/p>\n<\/li>\n<li data-start=\"7153\" data-end=\"7197\">\n<p data-start=\"7155\" data-end=\"7197\">Other legally prescribed safeguards<\/p>\n<\/li>\n<\/ul>\n<hr data-start=\"7199\" data-end=\"7202\" \/>\n<h2 data-start=\"7204\" data-end=\"7233\"><strong data-start=\"7207\" data-end=\"7233\">12. Final information<\/strong><\/h2>\n<p data-start=\"7235\" data-end=\"7352\">This Privacy Policy may be updated at any time. Regular consultation of this document is recommended.<\/p>","protected":false},"excerpt":{"rendered":"<p>\u00daltima atualiza\u00e7\u00e3o: 23\/12\/2025 A MLT Legal Partners (\u201cn\u00f3s\u201d, \u201cnosso\u201d ou \u201cempresa\u201d) respeita a privacidade dos utilizadores do website [https:\/\/mltportugal.com\/] e compromete-se a proteger os seus dados pessoais, em conformidade com o Regulamento (UE) 2016\/679 (Regulamento Geral sobre a Prote\u00e7\u00e3o de Dados \u2013 RGPD) e demais legisla\u00e7\u00e3o aplic\u00e1vel. Esta Pol\u00edtica de Privacidade explica como recolhemos, utilizamos, [&hellip;]<\/p>","protected":false},"author":1,"featured_media":0,"parent":0,"menu_order":0,"comment_status":"closed","ping_status":"open","template":"","meta":{"footnotes":""},"class_list":["post-3","page","type-page","status-publish","hentry"],"_links":{"self":[{"href":"https:\/\/mltportugal.com\/en\/wp-json\/wp\/v2\/pages\/3","targetHints":{"allow":["GET"]}}],"collection":[{"href":"https:\/\/mltportugal.com\/en\/wp-json\/wp\/v2\/pages"}],"about":[{"href":"https:\/\/mltportugal.com\/en\/wp-json\/wp\/v2\/types\/page"}],"author":[{"embeddable":true,"href":"https:\/\/mltportugal.com\/en\/wp-json\/wp\/v2\/users\/1"}],"replies":[{"embeddable":true,"href":"https:\/\/mltportugal.com\/en\/wp-json\/wp\/v2\/comments?post=3"}],"version-history":[{"count":2,"href":"https:\/\/mltportugal.com\/en\/wp-json\/wp\/v2\/pages\/3\/revisions"}],"predecessor-version":[{"id":3060,"href":"https:\/\/mltportugal.com\/en\/wp-json\/wp\/v2\/pages\/3\/revisions\/3060"}],"wp:attachment":[{"href":"https:\/\/mltportugal.com\/en\/wp-json\/wp\/v2\/media?parent=3"}],"curies":[{"name":"wp","href":"https:\/\/api.w.org\/{rel}","templated":true}]}}