{"id":333,"date":"2025-09-17T20:04:19","date_gmt":"2025-09-17T20:04:19","guid":{"rendered":"https:\/\/mltportugal.com\/?page_id=333"},"modified":"2025-09-24T21:48:59","modified_gmt":"2025-09-24T21:48:59","slug":"blog","status":"publish","type":"page","link":"https:\/\/mltportugal.com\/fr\/blog\/","title":{"rendered":"Blog"},"content":{"rendered":"<div data-elementor-type=\"wp-page\" data-elementor-id=\"333\" class=\"elementor elementor-333\" data-elementor-post-type=\"page\">\n\t\t\t\t<div class=\"elementor-element elementor-element-4c6981f e-flex e-con-boxed e-con e-parent\" data-id=\"4c6981f\" data-element_type=\"container\" data-e-type=\"container\" id=\"sobre\" data-settings=\"{&quot;background_background&quot;:&quot;classic&quot;}\">\n\t\t\t\t\t<div class=\"e-con-inner\">\n\t\t<div class=\"elementor-element elementor-element-09c932f e-con-full e-flex e-con e-child\" data-id=\"09c932f\" data-element_type=\"container\" data-e-type=\"container\">\n\t\t<div class=\"elementor-element elementor-element-6b76e25 e-con-full e-flex e-con e-child\" data-id=\"6b76e25\" data-element_type=\"container\" data-e-type=\"container\">\n\t\t\t\t<div class=\"elementor-element elementor-element-121246e elementor-widget elementor-widget-heading\" data-id=\"121246e\" data-element_type=\"widget\" data-e-type=\"widget\" data-widget_type=\"heading.default\">\n\t\t\t\t\t<h2 class=\"elementor-heading-title elementor-size-default\"><span style=\"color:#393939\">Blog<\/span> <br>Avocats MLT<\/h2>\t\t\t\t<\/div>\n\t\t\t\t<\/div>\n\t\t\t\t<\/div>\n\t\t<div class=\"elementor-element elementor-element-6910e33 e-flex e-con-boxed e-con e-child\" data-id=\"6910e33\" data-element_type=\"container\" data-e-type=\"container\">\n\t\t\t\t\t<div class=\"e-con-inner\">\n\t\t<div class=\"elementor-element elementor-element-f1c1e48 e-con-full e-flex e-con e-child\" data-id=\"f1c1e48\" data-element_type=\"container\" data-e-type=\"container\">\n\t\t\t\t<div class=\"elementor-element elementor-element-9818381 elementor-grid-3 elementor-grid-tablet-2 elementor-grid-mobile-1 elementor-widget elementor-widget-loop-grid\" data-id=\"9818381\" data-element_type=\"widget\" data-e-type=\"widget\" data-settings=\"{&quot;template_id&quot;:&quot;351&quot;,&quot;columns&quot;:3,&quot;_skin&quot;:&quot;post&quot;,&quot;columns_tablet&quot;:&quot;2&quot;,&quot;columns_mobile&quot;:&quot;1&quot;,&quot;edit_handle_selector&quot;:&quot;[data-elementor-type=\\&quot;loop-item\\&quot;]&quot;,&quot;row_gap&quot;:{&quot;unit&quot;:&quot;px&quot;,&quot;size&quot;:&quot;&quot;,&quot;sizes&quot;:[]},&quot;row_gap_tablet&quot;:{&quot;unit&quot;:&quot;px&quot;,&quot;size&quot;:&quot;&quot;,&quot;sizes&quot;:[]},&quot;row_gap_mobile&quot;:{&quot;unit&quot;:&quot;px&quot;,&quot;size&quot;:&quot;&quot;,&quot;sizes&quot;:[]}}\" data-widget_type=\"loop-grid.post\">\n\t\t\t\t<div class=\"elementor-widget-container\">\n\t\t\t\t\t\t\t<div class=\"elementor-loop-container elementor-grid\" role=\"list\">\n\t\t<style id=\"loop-dynamic-351\">.e-loop-item-347 .elementor-element.elementor-element-3eca2a8:not(.elementor-motion-effects-element-type-background), .e-loop-item-347 .elementor-element.elementor-element-3eca2a8 > .elementor-motion-effects-container > .elementor-motion-effects-layer{background-image:url(\"https:\/\/mltportugal.com\/wp-content\/uploads\/2025\/09\/11062b_c512742522394a1eb04dce52177785b7mv2.avif\");}<\/style><style id=\"loop-351\">.elementor-351 .elementor-element.elementor-element-3eca2a8{--display:flex;--min-height:240px;--flex-direction:column;--container-widget-width:calc( ( 1 - var( --container-widget-flex-grow ) ) * 100% );--container-widget-height:initial;--container-widget-flex-grow:0;--container-widget-align-self:initial;--flex-wrap-mobile:wrap;--align-items:flex-end;--border-radius:15px 15px 15px 15px;--padding-top:0px;--padding-bottom:0px;--padding-left:0px;--padding-right:0px;}.elementor-351 .elementor-element.elementor-element-3eca2a8:not(.elementor-motion-effects-element-type-background), .elementor-351 .elementor-element.elementor-element-3eca2a8 > .elementor-motion-effects-container > .elementor-motion-effects-layer{background-position:center center;background-size:cover;}.elementor-351 .elementor-element.elementor-element-9d182dc{--display:flex;--gap:0px 0px;--row-gap:0px;--column-gap:0px;--border-radius:0px 0px 0px 15px;}.elementor-351 .elementor-element.elementor-element-9d182dc:not(.elementor-motion-effects-element-type-background), .elementor-351 .elementor-element.elementor-element-9d182dc > .elementor-motion-effects-container > .elementor-motion-effects-layer{background-color:var( --e-global-color-bc39d68 );}.elementor-widget-heading .elementor-heading-title{font-family:var( --e-global-typography-primary-font-family ), Sans-serif;font-weight:var( --e-global-typography-primary-font-weight );color:var( --e-global-color-primary );}.elementor-351 .elementor-element.elementor-element-d3fb14f .elementor-heading-title{font-family:\"Unbounded\", Sans-serif;font-size:17px;font-weight:600;}.elementor-351 .elementor-element.elementor-element-d3fb14f.elementor-element{--align-self:center;}.elementor-351 .elementor-element.elementor-element-2b677c7 .elementor-heading-title{font-family:\"Unbounded\", Sans-serif;font-size:12px;font-weight:600;}.elementor-351 .elementor-element.elementor-element-2b677c7.elementor-element{--align-self:center;}.elementor-351 .elementor-element.elementor-element-d59b605{--display:flex;--flex-direction:column;--container-widget-width:100%;--container-widget-height:initial;--container-widget-flex-grow:0;--container-widget-align-self:initial;--flex-wrap-mobile:wrap;--border-radius:15px 15px 15px 15px;--padding-top:0px;--padding-bottom:0px;--padding-left:0px;--padding-right:0px;}.elementor-351 .elementor-element.elementor-element-b41b86f{--display:flex;--justify-content:space-between;--gap:6px 6px;--row-gap:6px;--column-gap:6px;--padding-top:020px;--padding-bottom:0px;--padding-left:0px;--padding-right:0px;}.elementor-351 .elementor-element.elementor-element-ff87644 .elementor-heading-title{font-family:\"DM Sans\", Sans-serif;font-size:15px;font-weight:400;}.elementor-351 .elementor-element.elementor-element-22d21e6 .elementor-heading-title{font-family:\"Lato\", Sans-serif;font-size:18px;font-weight:800;color:var( --e-global-color-text );}.elementor-widget-button .elementor-button{font-family:var( --e-global-typography-accent-font-family ), Sans-serif;font-weight:var( --e-global-typography-accent-font-weight );background-color:var( --e-global-color-accent );}.elementor-351 .elementor-element.elementor-element-fc1a412 .elementor-button-content-wrapper{flex-direction:row-reverse;}.elementor-351 .elementor-element.elementor-element-fc1a412 .elementor-button{font-family:\"Lato\", Sans-serif;font-size:13px;font-weight:800;text-transform:uppercase;fill:var( --e-global-color-text );color:var( --e-global-color-text );background-color:#F3F2F100;padding:0px 0px 0px 0px;}.elementor-351 .elementor-element.elementor-element-fc1a412 .elementor-button:hover, .elementor-351 .elementor-element.elementor-element-fc1a412 .elementor-button:focus{color:var( --e-global-color-secondary );}.elementor-351 .elementor-element.elementor-element-fc1a412 .elementor-button:hover svg, .elementor-351 .elementor-element.elementor-element-fc1a412 .elementor-button:focus svg{fill:var( --e-global-color-secondary );}.elementor-351 .elementor-element.elementor-element-fc1a412{padding:15px 0px 0px 0px;}@media(min-width:768px){.elementor-351 .elementor-element.elementor-element-9d182dc{--width:18%;}}@media(max-width:767px){.elementor-351 .elementor-element.elementor-element-3eca2a8{--margin-top:0px;--margin-bottom:0px;--margin-left:0px;--margin-right:0px;--padding-top:0px;--padding-bottom:0px;--padding-left:0px;--padding-right:0px;}.elementor-351 .elementor-element.elementor-element-9d182dc{--width:17%;}.elementor-351 .elementor-element.elementor-element-b41b86f{--padding-top:15px;--padding-bottom:0px;--padding-left:0px;--padding-right:0px;}.elementor-351 .elementor-element.elementor-element-22d21e6 .elementor-heading-title{font-size:15px;line-height:1em;}}<\/style>\t\t<div data-elementor-type=\"loop-item\" data-elementor-id=\"351\" class=\"elementor elementor-351 e-loop-item e-loop-item-347 post-347 post type-post status-publish format-standard has-post-thumbnail hentry category-blog tag-graphics tag-styles tag-visuals\" data-elementor-post-type=\"elementor_library\" data-custom-edit-handle=\"1\">\n\t\t\t<div class=\"elementor-element elementor-element-3eca2a8 e-flex e-con-boxed e-con e-parent\" data-id=\"3eca2a8\" data-element_type=\"container\" data-e-type=\"container\" data-settings=\"{&quot;background_background&quot;:&quot;classic&quot;}\">\n\t\t\t\t\t<div class=\"e-con-inner\">\n\t\t<div class=\"elementor-element elementor-element-9d182dc e-con-full e-flex e-con e-child\" data-id=\"9d182dc\" data-element_type=\"container\" data-e-type=\"container\" data-settings=\"{&quot;background_background&quot;:&quot;classic&quot;}\">\n\t\t\t\t<div class=\"elementor-element elementor-element-d3fb14f elementor-widget elementor-widget-heading\" data-id=\"d3fb14f\" data-element_type=\"widget\" data-e-type=\"widget\" data-widget_type=\"heading.default\">\n\t\t\t\t\t<p class=\"elementor-heading-title elementor-size-default\">24<\/p>\t\t\t\t<\/div>\n\t\t\t\t<div class=\"elementor-element elementor-element-2b677c7 elementor-widget elementor-widget-heading\" data-id=\"2b677c7\" data-element_type=\"widget\" data-e-type=\"widget\" data-widget_type=\"heading.default\">\n\t\t\t\t\t<p class=\"elementor-heading-title elementor-size-default\">SET<\/p>\t\t\t\t<\/div>\n\t\t\t\t<\/div>\n\t\t\t\t\t<\/div>\n\t\t\t\t<\/div>\n\t\t<div class=\"elementor-element elementor-element-d59b605 e-flex e-con-boxed e-con e-parent\" data-id=\"d59b605\" data-element_type=\"container\" data-e-type=\"container\">\n\t\t\t\t\t<div class=\"e-con-inner\">\n\t\t<div class=\"elementor-element elementor-element-b41b86f e-con-full e-flex e-con e-child\" data-id=\"b41b86f\" data-element_type=\"container\" data-e-type=\"container\">\n\t\t\t\t<div class=\"elementor-element elementor-element-ff87644 elementor-widget elementor-widget-heading\" data-id=\"ff87644\" data-element_type=\"widget\" data-e-type=\"widget\" data-widget_type=\"heading.default\">\n\t\t\t\t\t<p class=\"elementor-heading-title elementor-size-default\"><span>Blog<\/span><\/p>\t\t\t\t<\/div>\n\t\t\t\t<div class=\"elementor-element elementor-element-22d21e6 elementor-widget elementor-widget-heading\" data-id=\"22d21e6\" data-element_type=\"widget\" data-e-type=\"widget\" data-widget_type=\"heading.default\">\n\t\t\t\t\t<h2 class=\"elementor-heading-title elementor-size-default\">Droit du travail au Portugal : 4 aspects cl\u00e9s que tout employeur doit conna\u00eetre<\/h2>\t\t\t\t<\/div>\n\t\t\t\t<div class=\"elementor-element elementor-element-fc1a412 elementor-mobile-align-center elementor-widget elementor-widget-button\" data-id=\"fc1a412\" data-element_type=\"widget\" data-e-type=\"widget\" data-widget_type=\"button.default\">\n\t\t\t\t\t\t\t\t\t\t<a class=\"elementor-button elementor-button-link elementor-size-sm\" href=\"https:\/\/mltportugal.com\/fr\/droit-du-travail-au-portugal-4-aspects-essentiels-que-tout-employeur-doit-connaitre\/\">\n\t\t\t\t\t\t<span class=\"elementor-button-content-wrapper\">\n\t\t\t\t\t\t<span class=\"elementor-button-icon\">\n\t\t\t\t<svg xmlns=\"http:\/\/www.w3.org\/2000\/svg\" width=\"800px\" height=\"800px\" viewbox=\"0 0 24 24\" fill=\"none\"><path d=\"M7 17L17 7M17 7H8M17 7V16\" stroke=\"#000000\" stroke-width=\"2\" stroke-linecap=\"round\" stroke-linejoin=\"round\"><\/path><\/svg>\t\t\t<\/span>\n\t\t\t\t\t\t\t\t\t<span class=\"elementor-button-text\">En savoir plus<\/span>\n\t\t\t\t\t<\/span>\n\t\t\t\t\t<\/a>\n\t\t\t\t\t\t\t\t<\/div>\n\t\t\t\t<\/div>\n\t\t\t\t\t<\/div>\n\t\t\t\t<\/div>\n\t\t\t\t<\/div>\n\t\t<style id=\"loop-dynamic-351\">.e-loop-item-339 .elementor-element.elementor-element-3eca2a8:not(.elementor-motion-effects-element-type-background), .e-loop-item-339 .elementor-element.elementor-element-3eca2a8 > .elementor-motion-effects-container > .elementor-motion-effects-layer{background-image:url(\"https:\/\/mltportugal.com\/wp-content\/uploads\/2025\/09\/57dcca_b9711cda0417470891f7815a0c9ffe74mv2.avif\");}<\/style>\t\t<div data-elementor-type=\"loop-item\" data-elementor-id=\"351\" class=\"elementor elementor-351 e-loop-item e-loop-item-339 post-339 post type-post status-publish format-standard has-post-thumbnail hentry category-blog tag-graphics tag-styles tag-visuals\" data-elementor-post-type=\"elementor_library\" data-custom-edit-handle=\"1\">\n\t\t\t<div class=\"elementor-element elementor-element-3eca2a8 e-flex e-con-boxed e-con e-parent\" data-id=\"3eca2a8\" data-element_type=\"container\" data-e-type=\"container\" data-settings=\"{&quot;background_background&quot;:&quot;classic&quot;}\">\n\t\t\t\t\t<div class=\"e-con-inner\">\n\t\t<div class=\"elementor-element elementor-element-9d182dc e-con-full e-flex e-con e-child\" data-id=\"9d182dc\" data-element_type=\"container\" data-e-type=\"container\" data-settings=\"{&quot;background_background&quot;:&quot;classic&quot;}\">\n\t\t\t\t<div class=\"elementor-element elementor-element-d3fb14f elementor-widget elementor-widget-heading\" data-id=\"d3fb14f\" data-element_type=\"widget\" data-e-type=\"widget\" data-widget_type=\"heading.default\">\n\t\t\t\t\t<p class=\"elementor-heading-title elementor-size-default\">30<\/p>\t\t\t\t<\/div>\n\t\t\t\t<div class=\"elementor-element elementor-element-2b677c7 elementor-widget elementor-widget-heading\" data-id=\"2b677c7\" data-element_type=\"widget\" data-e-type=\"widget\" data-widget_type=\"heading.default\">\n\t\t\t\t\t<p class=\"elementor-heading-title elementor-size-default\">OUT<\/p>\t\t\t\t<\/div>\n\t\t\t\t<\/div>\n\t\t\t\t\t<\/div>\n\t\t\t\t<\/div>\n\t\t<div class=\"elementor-element elementor-element-d59b605 e-flex e-con-boxed e-con e-parent\" data-id=\"d59b605\" data-element_type=\"container\" data-e-type=\"container\">\n\t\t\t\t\t<div class=\"e-con-inner\">\n\t\t<div class=\"elementor-element elementor-element-b41b86f e-con-full e-flex e-con e-child\" data-id=\"b41b86f\" data-element_type=\"container\" data-e-type=\"container\">\n\t\t\t\t<div class=\"elementor-element elementor-element-ff87644 elementor-widget elementor-widget-heading\" data-id=\"ff87644\" data-element_type=\"widget\" data-e-type=\"widget\" data-widget_type=\"heading.default\">\n\t\t\t\t\t<p class=\"elementor-heading-title elementor-size-default\"><span>Blog<\/span><\/p>\t\t\t\t<\/div>\n\t\t\t\t<div class=\"elementor-element elementor-element-22d21e6 elementor-widget elementor-widget-heading\" data-id=\"22d21e6\" data-element_type=\"widget\" data-e-type=\"widget\" data-widget_type=\"heading.default\">\n\t\t\t\t\t<h2 class=\"elementor-heading-title elementor-size-default\">Comprendre le droit p\u00e9nal : Votre guide pour les plaintes, les r\u00e9clamations, les appels et plus encore !<\/h2>\t\t\t\t<\/div>\n\t\t\t\t<div class=\"elementor-element elementor-element-fc1a412 elementor-mobile-align-center elementor-widget elementor-widget-button\" data-id=\"fc1a412\" data-element_type=\"widget\" data-e-type=\"widget\" data-widget_type=\"button.default\">\n\t\t\t\t\t\t\t\t\t\t<a class=\"elementor-button elementor-button-link elementor-size-sm\" href=\"https:\/\/mltportugal.com\/fr\/comprendre-le-droit-penal-votre-guide-sur-les-plaintes-les-appels-et-plus-encore\/\">\n\t\t\t\t\t\t<span class=\"elementor-button-content-wrapper\">\n\t\t\t\t\t\t<span class=\"elementor-button-icon\">\n\t\t\t\t<svg xmlns=\"http:\/\/www.w3.org\/2000\/svg\" width=\"800px\" height=\"800px\" viewbox=\"0 0 24 24\" fill=\"none\"><path d=\"M7 17L17 7M17 7H8M17 7V16\" stroke=\"#000000\" stroke-width=\"2\" stroke-linecap=\"round\" stroke-linejoin=\"round\"><\/path><\/svg>\t\t\t<\/span>\n\t\t\t\t\t\t\t\t\t<span class=\"elementor-button-text\">En savoir plus<\/span>\n\t\t\t\t\t<\/span>\n\t\t\t\t\t<\/a>\n\t\t\t\t\t\t\t\t<\/div>\n\t\t\t\t<\/div>\n\t\t\t\t\t<\/div>\n\t\t\t\t<\/div>\n\t\t\t\t<\/div>\n\t\t<style id=\"loop-dynamic-351\">.e-loop-item-1 .elementor-element.elementor-element-3eca2a8:not(.elementor-motion-effects-element-type-background), .e-loop-item-1 .elementor-element.elementor-element-3eca2a8 > .elementor-motion-effects-container > .elementor-motion-effects-layer{background-image:url(\"https:\/\/mltportugal.com\/wp-content\/uploads\/2025\/09\/57dcca_5ed1bb27be924ddfb81a8faa4367d418mv2.avif\");}<\/style>\t\t<div data-elementor-type=\"loop-item\" data-elementor-id=\"351\" class=\"elementor elementor-351 e-loop-item e-loop-item-1 post-1 post type-post status-publish format-standard has-post-thumbnail hentry category-blog tag-graphics tag-styles tag-visuals\" data-elementor-post-type=\"elementor_library\" data-custom-edit-handle=\"1\">\n\t\t\t<div class=\"elementor-element elementor-element-3eca2a8 e-flex e-con-boxed e-con e-parent\" data-id=\"3eca2a8\" data-element_type=\"container\" data-e-type=\"container\" data-settings=\"{&quot;background_background&quot;:&quot;classic&quot;}\">\n\t\t\t\t\t<div class=\"e-con-inner\">\n\t\t<div class=\"elementor-element elementor-element-9d182dc e-con-full e-flex e-con e-child\" data-id=\"9d182dc\" data-element_type=\"container\" data-e-type=\"container\" data-settings=\"{&quot;background_background&quot;:&quot;classic&quot;}\">\n\t\t\t\t<div class=\"elementor-element elementor-element-d3fb14f elementor-widget elementor-widget-heading\" data-id=\"d3fb14f\" data-element_type=\"widget\" data-e-type=\"widget\" data-widget_type=\"heading.default\">\n\t\t\t\t\t<p class=\"elementor-heading-title elementor-size-default\">26<\/p>\t\t\t\t<\/div>\n\t\t\t\t<div class=\"elementor-element elementor-element-2b677c7 elementor-widget elementor-widget-heading\" data-id=\"2b677c7\" data-element_type=\"widget\" data-e-type=\"widget\" data-widget_type=\"heading.default\">\n\t\t\t\t\t<p class=\"elementor-heading-title elementor-size-default\">NOV<\/p>\t\t\t\t<\/div>\n\t\t\t\t<\/div>\n\t\t\t\t\t<\/div>\n\t\t\t\t<\/div>\n\t\t<div class=\"elementor-element elementor-element-d59b605 e-flex e-con-boxed e-con e-parent\" data-id=\"d59b605\" data-element_type=\"container\" data-e-type=\"container\">\n\t\t\t\t\t<div class=\"e-con-inner\">\n\t\t<div class=\"elementor-element elementor-element-b41b86f e-con-full e-flex e-con e-child\" data-id=\"b41b86f\" data-element_type=\"container\" data-e-type=\"container\">\n\t\t\t\t<div class=\"elementor-element elementor-element-ff87644 elementor-widget elementor-widget-heading\" data-id=\"ff87644\" data-element_type=\"widget\" data-e-type=\"widget\" data-widget_type=\"heading.default\">\n\t\t\t\t\t<p class=\"elementor-heading-title elementor-size-default\"><span>Blog<\/span><\/p>\t\t\t\t<\/div>\n\t\t\t\t<div class=\"elementor-element elementor-element-22d21e6 elementor-widget elementor-widget-heading\" data-id=\"22d21e6\" data-element_type=\"widget\" data-e-type=\"widget\" data-widget_type=\"heading.default\">\n\t\t\t\t\t<h2 class=\"elementor-heading-title elementor-size-default\">La crise du logement \u00e0 Lisbonne : d\u00e9couvrez comment vous prot\u00e9ger sur le march\u00e9 locatif de Lisbonne<\/h2>\t\t\t\t<\/div>\n\t\t\t\t<div class=\"elementor-element elementor-element-fc1a412 elementor-mobile-align-center elementor-widget elementor-widget-button\" data-id=\"fc1a412\" data-element_type=\"widget\" data-e-type=\"widget\" data-widget_type=\"button.default\">\n\t\t\t\t\t\t\t\t\t\t<a class=\"elementor-button elementor-button-link elementor-size-sm\" href=\"https:\/\/mltportugal.com\/fr\/bonjour-le-monde\/\">\n\t\t\t\t\t\t<span class=\"elementor-button-content-wrapper\">\n\t\t\t\t\t\t<span class=\"elementor-button-icon\">\n\t\t\t\t<svg xmlns=\"http:\/\/www.w3.org\/2000\/svg\" width=\"800px\" height=\"800px\" viewbox=\"0 0 24 24\" fill=\"none\"><path d=\"M7 17L17 7M17 7H8M17 7V16\" stroke=\"#000000\" stroke-width=\"2\" stroke-linecap=\"round\" stroke-linejoin=\"round\"><\/path><\/svg>\t\t\t<\/span>\n\t\t\t\t\t\t\t\t\t<span class=\"elementor-button-text\">En savoir plus<\/span>\n\t\t\t\t\t<\/span>\n\t\t\t\t\t<\/a>\n\t\t\t\t\t\t\t\t<\/div>\n\t\t\t\t<\/div>\n\t\t\t\t\t<\/div>\n\t\t\t\t<\/div>\n\t\t\t\t<\/div>\n\t\t\t\t<\/div>\n\t\t\n\t\t\t\t\t\t<\/div>\n\t\t\t\t<\/div>\n\t\t\t\t<\/div>\n\t\t\t\t\t<\/div>\n\t\t\t\t<\/div>\n\t\t\t\t\t<\/div>\n\t\t\t\t<\/div>\n\t\t\t\t<\/div>","protected":false},"excerpt":{"rendered":"<p>Blog de MLT Lawyers<\/p>","protected":false},"author":1,"featured_media":0,"parent":0,"menu_order":0,"comment_status":"closed","ping_status":"open","template":"elementor_header_footer","meta":{"footnotes":""},"class_list":["post-333","page","type-page","status-publish","hentry"],"_links":{"self":[{"href":"https:\/\/mltportugal.com\/fr\/wp-json\/wp\/v2\/pages\/333","targetHints":{"allow":["GET"]}}],"collection":[{"href":"https:\/\/mltportugal.com\/fr\/wp-json\/wp\/v2\/pages"}],"about":[{"href":"https:\/\/mltportugal.com\/fr\/wp-json\/wp\/v2\/types\/page"}],"author":[{"embeddable":true,"href":"https:\/\/mltportugal.com\/fr\/wp-json\/wp\/v2\/users\/1"}],"replies":[{"embeddable":true,"href":"https:\/\/mltportugal.com\/fr\/wp-json\/wp\/v2\/comments?post=333"}],"version-history":[{"count":13,"href":"https:\/\/mltportugal.com\/fr\/wp-json\/wp\/v2\/pages\/333\/revisions"}],"predecessor-version":[{"id":432,"href":"https:\/\/mltportugal.com\/fr\/wp-json\/wp\/v2\/pages\/333\/revisions\/432"}],"wp:attachment":[{"href":"https:\/\/mltportugal.com\/fr\/wp-json\/wp\/v2\/media?parent=333"}],"curies":[{"name":"wp","href":"https:\/\/api.w.org\/{rel}","templated":true}]}}